{"id":60,"date":"2021-06-20T15:50:13","date_gmt":"2021-06-20T13:50:13","guid":{"rendered":"http:\/\/branislavcvijic.com\/?page_id=60"},"modified":"2026-03-04T13:43:40","modified_gmt":"2026-03-04T12:43:40","slug":"koncerti","status":"publish","type":"page","link":"https:\/\/branislavcvijic.com\/en\/koncerti\/","title":{"rendered":"Concert activities"},"content":{"rendered":"<p><img loading=\"lazy\" decoding=\"async\" class=\"alignnone size-full wp-image-61\" src=\"http:\/\/branislavcvijic.com\/wp-content\/uploads\/2021\/06\/Marija-i-Branislav-scaled.jpg\" alt=\"\" width=\"2560\" height=\"1706\" srcset=\"https:\/\/branislavcvijic.com\/wp-content\/uploads\/2021\/06\/Marija-i-Branislav-scaled.jpg 2560w, https:\/\/branislavcvijic.com\/wp-content\/uploads\/2021\/06\/Marija-i-Branislav-300x200.jpg 300w, https:\/\/branislavcvijic.com\/wp-content\/uploads\/2021\/06\/Marija-i-Branislav-1024x683.jpg 1024w, https:\/\/branislavcvijic.com\/wp-content\/uploads\/2021\/06\/Marija-i-Branislav-768x512.jpg 768w, https:\/\/branislavcvijic.com\/wp-content\/uploads\/2021\/06\/Marija-i-Branislav-1536x1024.jpg 1536w, https:\/\/branislavcvijic.com\/wp-content\/uploads\/2021\/06\/Marija-i-Branislav-2048x1365.jpg 2048w, https:\/\/branislavcvijic.com\/wp-content\/uploads\/2021\/06\/Marija-i-Branislav-359x239.jpg 359w\" sizes=\"auto, (max-width: 2560px) 100vw, 2560px\" \/><\/p>\n<p>The concerts \u201cAbout Love\u201d present famous melodies performed by solo singers accompanied by a chamber ensemble or piano. Evergreen melodies, whether they are Spanish songs, Italian canzones or Russian romances, are sung stories from everyday life about love of neighbor, nature, homeland and the like. The messages of love and beauty of these melodies are something we all need, in order to beautify the reality in which we live.<\/p>\n<p><iframe loading=\"lazy\" title=\"Concert ABOUT LOVE - Italian and Spanish songs - Branislav and Marija Cviji\u0107\" width=\"760\" height=\"428\" src=\"https:\/\/www.youtube.com\/embed\/aAd9lnlhpIw?feature=oembed\" frameborder=\"0\" allow=\"accelerometer; autoplay; clipboard-write; encrypted-media; gyroscope; picture-in-picture; web-share\" referrerpolicy=\"strict-origin-when-cross-origin\" allowfullscreen><\/iframe><\/p>\n<p><iframe loading=\"lazy\" title=\"Branislav and Marija Cviji\u0107 - Concert about LOVE - Russian romance songs\" width=\"760\" height=\"428\" src=\"https:\/\/www.youtube.com\/embed\/_M2dK62Xai0?feature=oembed\" frameborder=\"0\" allow=\"accelerometer; autoplay; clipboard-write; encrypted-media; gyroscope; picture-in-picture; web-share\" referrerpolicy=\"strict-origin-when-cross-origin\" allowfullscreen><\/iframe><\/p>\n<p>&nbsp;<\/p>","protected":false},"excerpt":{"rendered":"<p>Na koncertima \u201cO Ljubavi\u201d, prezentovan je niz ve\u010dnih melodija koje izvode solisti peva\u010di u pratnji kamernog sastava ili klavira. Ve\u010dne melodije, bilo da su u pitanju \u0161panske pesme, italijanske kancone ili ruske romanse, predstavljaju pevane &hellip;<\/p>","protected":false},"author":1,"featured_media":0,"parent":0,"menu_order":0,"comment_status":"closed","ping_status":"closed","template":"","meta":{"footnotes":""},"class_list":["post-60","page","type-page","status-publish","hentry"],"_links":{"self":[{"href":"https:\/\/branislavcvijic.com\/en\/wp-json\/wp\/v2\/pages\/60","targetHints":{"allow":["GET"]}}],"collection":[{"href":"https:\/\/branislavcvijic.com\/en\/wp-json\/wp\/v2\/pages"}],"about":[{"href":"https:\/\/branislavcvijic.com\/en\/wp-json\/wp\/v2\/types\/page"}],"author":[{"embeddable":true,"href":"https:\/\/branislavcvijic.com\/en\/wp-json\/wp\/v2\/users\/1"}],"replies":[{"embeddable":true,"href":"https:\/\/branislavcvijic.com\/en\/wp-json\/wp\/v2\/comments?post=60"}],"version-history":[{"count":9,"href":"https:\/\/branislavcvijic.com\/en\/wp-json\/wp\/v2\/pages\/60\/revisions"}],"predecessor-version":[{"id":457,"href":"https:\/\/branislavcvijic.com\/en\/wp-json\/wp\/v2\/pages\/60\/revisions\/457"}],"wp:attachment":[{"href":"https:\/\/branislavcvijic.com\/en\/wp-json\/wp\/v2\/media?parent=60"}],"curies":[{"name":"wp","href":"https:\/\/api.w.org\/{rel}","templated":true}]}}