{"id":23,"date":"2021-06-18T17:54:52","date_gmt":"2021-06-18T15:54:52","guid":{"rendered":"http:\/\/branislavcvijic.com\/?page_id=23"},"modified":"2025-05-19T23:16:51","modified_gmt":"2025-05-19T21:16:51","slug":"biografija","status":"publish","type":"page","link":"https:\/\/branislavcvijic.com\/en\/biografija\/","title":{"rendered":"Biography"},"content":{"rendered":"<p><img loading=\"lazy\" decoding=\"async\" class=\"alignnone wp-image-6 size-full\" src=\"http:\/\/branislavcvijic.com\/wp-content\/uploads\/2021\/06\/BranislavCvijic.jpg\" alt=\"\" width=\"1920\" height=\"1280\" srcset=\"https:\/\/branislavcvijic.com\/wp-content\/uploads\/2021\/06\/BranislavCvijic.jpg 1920w, https:\/\/branislavcvijic.com\/wp-content\/uploads\/2021\/06\/BranislavCvijic-300x200.jpg 300w, https:\/\/branislavcvijic.com\/wp-content\/uploads\/2021\/06\/BranislavCvijic-1024x683.jpg 1024w, https:\/\/branislavcvijic.com\/wp-content\/uploads\/2021\/06\/BranislavCvijic-768x512.jpg 768w, https:\/\/branislavcvijic.com\/wp-content\/uploads\/2021\/06\/BranislavCvijic-1536x1024.jpg 1536w, https:\/\/branislavcvijic.com\/wp-content\/uploads\/2021\/06\/BranislavCvijic-359x239.jpg 359w\" sizes=\"auto, (max-width: 1920px) 100vw, 1920px\" \/><\/p>\n<p>Born in 1977 in Novi Sad. Belgrade student, graduated from the Faculty of Music in Belgrade, Department of Solo Singing, with prof. Zvonimir Krneti\u0107, and he studied with Dragoslav Ili\u0107, soloist-tenor of the National Theater in Belgrade.<\/p>\n<p>Winner of the first prizes at national and federal competitions, laureate of the competition in Moscow in 2008.<\/p>\n<p>More than twenty solo concerts, over two hundred solo performances, about fifty performances with chamber ensembles, soloists of three choirs in Novi Sad with which he had about twenty performances. He has been a member of the Opera of the Serbian National Theater in Novi Sad since 2003, and he has been a soloist and their permanent member since 2006.<!--more--><\/p>\n<p>Accomplished over twenty roles, among which stand out:<\/p>\n<ul>\n<li>Strauss: Alfred (Bat), Mirko (Apple),<\/li>\n<li>Jenko: Steva Dragi\u0107 (Seoska lola),<\/li>\n<li>Donizetti: Nemorino (Love Potion), Guglielmo (Viva la mama), Arturo (Lucia of Lamermoor),<\/li>\n<li>Shostakovich: Zinoviy Barisovich (Katarina Izmailova),<\/li>\n<li>Logar: Vasilije (Pokondirena tikva),<\/li>\n<li>V. Soups: Pygmalion (Lepa Galatea),<\/li>\n<li>M. von Weber: Abu Hasan (Abu Hasan),<\/li>\n<li>Lorcing: Adolf (Rehearsal for Opera),<\/li>\n<li>Rossini: Count Almaviva (Barber of Seville),<\/li>\n<li>G Verdi: Gabriele Adorno (Simone Boccanegra), Ismail (Nabucco),<\/li>\n<li>Chimarosa: Paolino (Secret Marriage),<\/li>\n<li>G. Puccini: Pinkerton (Madame Butterfly),<\/li>\n<li>Mozart: Tamino (The Magic Flute), Bastien (Bastien and Bastien),<\/li>\n<li>Despi\u0107: Teacher Pera (Pop \u0106ira and Pop Spira) \u2026<\/li>\n<\/ul>\n<p>In 2015, he founded the association of artists \u201cVisoko C\u201d, which aims to promote our and foreign music culture, primarily opera (concerts, pieces with singing, opera performances) as well as to educate the youngest.<\/p>","protected":false},"excerpt":{"rendered":"<p>Ro\u0111en 1977. godine u Novom Sadu. Beogradski student, zavr\u0161io Fakultet muzi\u010dke umetnosti u Beogradu, Odsek solo pevanje, kod prof. Zvonimira Krneti\u0107a, a usavr\u0161io se kod Dragoslava Ili\u0107a, soliste-tenora Narodnog pozori\u0161ta u Beogradu. Dobitnik prvih nagrada &hellip;<\/p>","protected":false},"author":1,"featured_media":0,"parent":0,"menu_order":0,"comment_status":"closed","ping_status":"closed","template":"","meta":{"footnotes":""},"class_list":["post-23","page","type-page","status-publish","hentry"],"_links":{"self":[{"href":"https:\/\/branislavcvijic.com\/en\/wp-json\/wp\/v2\/pages\/23","targetHints":{"allow":["GET"]}}],"collection":[{"href":"https:\/\/branislavcvijic.com\/en\/wp-json\/wp\/v2\/pages"}],"about":[{"href":"https:\/\/branislavcvijic.com\/en\/wp-json\/wp\/v2\/types\/page"}],"author":[{"embeddable":true,"href":"https:\/\/branislavcvijic.com\/en\/wp-json\/wp\/v2\/users\/1"}],"replies":[{"embeddable":true,"href":"https:\/\/branislavcvijic.com\/en\/wp-json\/wp\/v2\/comments?post=23"}],"version-history":[{"count":9,"href":"https:\/\/branislavcvijic.com\/en\/wp-json\/wp\/v2\/pages\/23\/revisions"}],"predecessor-version":[{"id":371,"href":"https:\/\/branislavcvijic.com\/en\/wp-json\/wp\/v2\/pages\/23\/revisions\/371"}],"wp:attachment":[{"href":"https:\/\/branislavcvijic.com\/en\/wp-json\/wp\/v2\/media?parent=23"}],"curies":[{"name":"wp","href":"https:\/\/api.w.org\/{rel}","templated":true}]}}