{"id":213,"date":"2022-08-29T18:31:29","date_gmt":"2022-08-29T16:31:29","guid":{"rendered":"https:\/\/branislavcvijic.com\/?page_id=213"},"modified":"2025-05-19T23:47:20","modified_gmt":"2025-05-19T21:47:20","slug":"concerts","status":"publish","type":"page","link":"https:\/\/branislavcvijic.com\/en\/concerts\/","title":{"rendered":"Concerts"},"content":{"rendered":"<p><a href=\"https:\/\/branislavcvijic.com\/wp-content\/uploads\/2022\/08\/Branislav-i-Marija-plavo.jpg\" data-size=\"2352x1568\" data-lbwps-width=\"2352\" data-lbwps-height=\"1568\" data-lbwps-srcsmall=\"https:\/\/branislavcvijic.com\/wp-content\/uploads\/2022\/08\/Branislav-i-Marija-plavo.jpg\"><img loading=\"lazy\" decoding=\"async\" class=\"alignnone size-full wp-image-222\" src=\"https:\/\/branislavcvijic.com\/wp-content\/uploads\/2022\/08\/Branislav-i-Marija-plavo.jpg\" alt=\"\" width=\"2352\" height=\"1568\" srcset=\"https:\/\/branislavcvijic.com\/wp-content\/uploads\/2022\/08\/Branislav-i-Marija-plavo.jpg 2352w, https:\/\/branislavcvijic.com\/wp-content\/uploads\/2022\/08\/Branislav-i-Marija-plavo-300x200.jpg 300w, https:\/\/branislavcvijic.com\/wp-content\/uploads\/2022\/08\/Branislav-i-Marija-plavo-1024x683.jpg 1024w, https:\/\/branislavcvijic.com\/wp-content\/uploads\/2022\/08\/Branislav-i-Marija-plavo-768x512.jpg 768w, https:\/\/branislavcvijic.com\/wp-content\/uploads\/2022\/08\/Branislav-i-Marija-plavo-1536x1024.jpg 1536w, https:\/\/branislavcvijic.com\/wp-content\/uploads\/2022\/08\/Branislav-i-Marija-plavo-2048x1365.jpg 2048w, https:\/\/branislavcvijic.com\/wp-content\/uploads\/2022\/08\/Branislav-i-Marija-plavo-359x239.jpg 359w\" sizes=\"auto, (max-width: 2352px) 100vw, 2352px\" \/><\/a><\/p>\n<h2 style=\"text-align: center;\">CONCERTS<\/h2>\n<p>&nbsp;<\/p>\n<p>Dear Sir or Madam,<\/p>\n<p>We want to present our work to you in the hope that we will achieve a successful cooperation. My wife and I are soloists of the Opera of the Serbian National Theater from Novi Sad. In addition to numerous performances in and outside the parent house, since 2017 we have been performing regularly on the ship \"Der kleine Prinz\". Concerts lasting 30 to 60 minutes, with piano accompaniment, are performed by boarding a ship anchored in Novi Sad or Belgrade port, performing the program and then disembarking from the ship. The program with which we perform are opera arias, duets, canzones and eternal melodies that can be performed in different languages.<\/p>\n<p>&nbsp;<\/p>\n<p style=\"text-align: center;\">Kind regards,<\/p>\n<p style=\"text-align: right;\">Branislav Cviji\u0107<br \/>\ncvija1977@gmail.com<br \/>\n+381 65 677 53 53<\/p>\n<p>&nbsp;<\/p>\n<p><iframe loading=\"lazy\" title=\"Concert ABOUT LOVE - Italian and Spanish songs - Branislav and Marija Cviji\u0107\" width=\"760\" height=\"428\" src=\"https:\/\/www.youtube.com\/embed\/aAd9lnlhpIw?feature=oembed\" frameborder=\"0\" allow=\"accelerometer; autoplay; clipboard-write; encrypted-media; gyroscope; picture-in-picture; web-share\" referrerpolicy=\"strict-origin-when-cross-origin\" allowfullscreen><\/iframe><\/p>\n<p style=\"text-align: left;\"><em>Branislav and Marija Cviji\u0107 - Concert \"About Love\" - \u200b\u200bItalian and Spanish love songs<\/em><\/p>\n<p>&nbsp;<\/p>\n<hr \/>\n<p>&nbsp;<\/p>\n<h3 style=\"text-align: center;\">Branislav Cviji\u0107 \u2013 Tenor<\/h3>\n<p>&nbsp;<\/p>\n<p><a href=\"https:\/\/branislavcvijic.com\/wp-content\/uploads\/2022\/08\/Branislav-Cvijic.jpg\" data-size=\"2352x1568\" data-lbwps-width=\"2352\" data-lbwps-height=\"1568\" data-lbwps-srcsmall=\"https:\/\/branislavcvijic.com\/wp-content\/uploads\/2022\/08\/Branislav-Cvijic.jpg\"><img loading=\"lazy\" decoding=\"async\" class=\"alignnone size-full wp-image-223\" src=\"https:\/\/branislavcvijic.com\/wp-content\/uploads\/2022\/08\/Branislav-Cvijic.jpg\" alt=\"\" width=\"2352\" height=\"1568\" srcset=\"https:\/\/branislavcvijic.com\/wp-content\/uploads\/2022\/08\/Branislav-Cvijic.jpg 2352w, https:\/\/branislavcvijic.com\/wp-content\/uploads\/2022\/08\/Branislav-Cvijic-300x200.jpg 300w, https:\/\/branislavcvijic.com\/wp-content\/uploads\/2022\/08\/Branislav-Cvijic-1024x683.jpg 1024w, https:\/\/branislavcvijic.com\/wp-content\/uploads\/2022\/08\/Branislav-Cvijic-768x512.jpg 768w, https:\/\/branislavcvijic.com\/wp-content\/uploads\/2022\/08\/Branislav-Cvijic-1536x1024.jpg 1536w, https:\/\/branislavcvijic.com\/wp-content\/uploads\/2022\/08\/Branislav-Cvijic-2048x1365.jpg 2048w, https:\/\/branislavcvijic.com\/wp-content\/uploads\/2022\/08\/Branislav-Cvijic-359x239.jpg 359w\" sizes=\"auto, (max-width: 2352px) 100vw, 2352px\" \/><\/a><\/p>\n<p>&nbsp;<\/p>\n<p>Born in 1977 in Novi Sad. Belgrade student, graduated from the Faculty of Music in Belgrade, Department of Solo Singing, with prof. Zvonimir Krneti\u0107, and he studied with Dragoslav Ili\u0107, soloist-tenor of the National Theater in Belgrade.<\/p>\n<p>Winner of the first prizes at national and federal competitions, laureate of the competition in Moscow in 2008.<\/p>\n<p>More than twenty solo concerts, over two hundred solo performances, about fifty performances with chamber ensembles, soloists of three choirs in Novi Sad with which he had about twenty performances. He has been a member of the Opera of the Serbian National Theater in Novi Sad since 2003, and he has been a soloist and their permanent member since 2006.<\/p>\n<p>He has played over twenty roles, among which stand out:<\/p>\n<p>- Strauss: Alfred (Bat), Mirko (Apple),<br \/>\n- Jenko: Steva Dragi\u0107 (Seoska lola),<br \/>\n&#8211; G. Doniceti: Nemorino (Ljubavni napitak), Guljelmo (Viva la mama), Arturo (Lu\u010dija od Lamermura),<br \/>\n- Shostakovich: Zinoviy Barisovich (Katarina Izmailova),<br \/>\n- Logar: Vasilije (Pokondirena tikva),<br \/>\n- F. V. Soups: Pygmalion (Lepa Galatea),<br \/>\n- M. von Weber: Abu Hasan (Abu Hasan),<br \/>\n- Lorcing: Adolf (Rehearsal for Opera),<br \/>\n- Rossini: Count Almaviva (Barber of Seville),<br \/>\n- G Verdi: Gabriele Adorno (Simone Boccanegra), Ismail (Nabucco),<br \/>\n- Chimarosa: Paolino (Secret Marriage),<br \/>\n- G. Puccini: Pinkerton (Madame Butterfly),<br \/>\n- Mozart: Tamino (The Magic Flute), Bastien (Bastien and Bastien),<br \/>\n- Despi\u0107: Teacher Pera (Pop \u0106ira and Pop Spira) \u2026<\/p>\n<p>In 2015, he founded the association of artists \u201cVisoko C\u201d, which aims to promote our and foreign music culture, primarily opera (concerts, pieces with singing, opera performances) as well as to educate the youngest.<\/p>\n<p>&nbsp;<\/p>\n<p><iframe loading=\"lazy\" title=\"UNA FURTIVA LAGRIMA - L&#039;elisir d&#039;amore (Donizetti)\" width=\"760\" height=\"428\" src=\"https:\/\/www.youtube.com\/embed\/otfpd61hUi8?feature=oembed\" frameborder=\"0\" allow=\"accelerometer; autoplay; clipboard-write; encrypted-media; gyroscope; picture-in-picture; web-share\" referrerpolicy=\"strict-origin-when-cross-origin\" allowfullscreen><\/iframe><\/p>\n<p><em>Branislav Cviji\u0107, Nemorino (Donizetti, Love Potion)<\/em><\/p>\n<p>&nbsp;<\/p>\n<p><iframe loading=\"lazy\" title=\"Branislav Cviji\u0107 - Lenski&#039;s aria &quot;Where, where&quot;\" width=\"760\" height=\"428\" src=\"https:\/\/www.youtube.com\/embed\/3C5YJovKgUE?feature=oembed\" frameborder=\"0\" allow=\"accelerometer; autoplay; clipboard-write; encrypted-media; gyroscope; picture-in-picture; web-share\" referrerpolicy=\"strict-origin-when-cross-origin\" allowfullscreen><\/iframe><\/p>\n<p><em>Branislav Cviji\u0107 - Lenski's aria \"Where, where\"<\/em><\/p>\n<p>&nbsp;<\/p>\n<hr \/>\n<p>&nbsp;<\/p>\n<h3 style=\"text-align: center;\">Marija Cviji\u0107 \u2013 soprano<\/h3>\n<p>&nbsp;<\/p>\n<p><a href=\"https:\/\/branislavcvijic.com\/wp-content\/uploads\/2022\/08\/Marija-Cvijic.jpg\" data-size=\"2352x1568\" data-lbwps-width=\"2352\" data-lbwps-height=\"1568\" data-lbwps-srcsmall=\"https:\/\/branislavcvijic.com\/wp-content\/uploads\/2022\/08\/Marija-Cvijic.jpg\"><img loading=\"lazy\" decoding=\"async\" class=\"alignnone size-full wp-image-224\" src=\"https:\/\/branislavcvijic.com\/wp-content\/uploads\/2022\/08\/Marija-Cvijic.jpg\" alt=\"\" width=\"2352\" height=\"1568\" srcset=\"https:\/\/branislavcvijic.com\/wp-content\/uploads\/2022\/08\/Marija-Cvijic.jpg 2352w, https:\/\/branislavcvijic.com\/wp-content\/uploads\/2022\/08\/Marija-Cvijic-300x200.jpg 300w, https:\/\/branislavcvijic.com\/wp-content\/uploads\/2022\/08\/Marija-Cvijic-1024x683.jpg 1024w, https:\/\/branislavcvijic.com\/wp-content\/uploads\/2022\/08\/Marija-Cvijic-768x512.jpg 768w, https:\/\/branislavcvijic.com\/wp-content\/uploads\/2022\/08\/Marija-Cvijic-1536x1024.jpg 1536w, https:\/\/branislavcvijic.com\/wp-content\/uploads\/2022\/08\/Marija-Cvijic-2048x1365.jpg 2048w, https:\/\/branislavcvijic.com\/wp-content\/uploads\/2022\/08\/Marija-Cvijic-359x239.jpg 359w\" sizes=\"auto, (max-width: 2352px) 100vw, 2352px\" \/><\/a><\/p>\n<p>&nbsp;<\/p>\n<p>Born in 1986 in Novi Sad. Graduated in solo singing in 2009 at the Academy of Arts in Novi Sad, in the class of Prof. M.Sc. Vera Kovach Vitkai. She was twice the winner of a scholarship for talented young singers of the \"Melanija Bugarinovi\u0107 and daughter Mirjana Kalinovi\u0107-Kalin\" Fund.<\/p>\n<p>With Branislav Cviji\u0107, he performs at theme concerts in Sombor, Zrenjanin, Ruma, Novi Sad.<\/p>\n<p>So far, she has held around twenty solo concerts across the country.<\/p>\n<p>Since 2019, he has been a permanent member - soloist of the Serbian National Theater Opera.<\/p>\n<p>Maria's most important roles:<\/p>\n<p>\u2013 G. Verdi: Rigoletto (Gilda)<br \/>\n\u2013 W. A. \u200b\u200bMozart: The Magic Flute (Queen of the Night)<br \/>\n\u2013 K. Orff: Carmina burana (solo soprano)<br \/>\n- G. Bizet: Carmen (Frasquita)<\/p>\n<p>&nbsp;<\/p>\n<p><iframe loading=\"lazy\" title=\"Marija Cviji\u0107 - arija Kraljice no\u0107i (Mocart, \u010carobna frula)\" width=\"760\" height=\"428\" src=\"https:\/\/www.youtube.com\/embed\/XWsghtpe9Zw?feature=oembed\" frameborder=\"0\" allow=\"accelerometer; autoplay; clipboard-write; encrypted-media; gyroscope; picture-in-picture; web-share\" referrerpolicy=\"strict-origin-when-cross-origin\" allowfullscreen><\/iframe><\/p>\n<p><em>Marija Cviji\u0107 - Queen of the Night aria (Mozart, Magic Flute)<\/em><\/p>\n<p>&nbsp;<\/p>\n<p><iframe loading=\"lazy\" title=\"Marija Cviji\u0107 - Karmina burana (K. Orf)\" width=\"760\" height=\"428\" src=\"https:\/\/www.youtube.com\/embed\/l_WOxncAXIM?feature=oembed\" frameborder=\"0\" allow=\"accelerometer; autoplay; clipboard-write; encrypted-media; gyroscope; picture-in-picture; web-share\" referrerpolicy=\"strict-origin-when-cross-origin\" allowfullscreen><\/iframe><\/p>\n<p><em>Marija Cviji\u0107 - Carmina burana (C. Orf)<\/em><\/p>\n<p>&nbsp;<\/p>\n<p><iframe loading=\"lazy\" title=\"Marija Cviji\u0107 - \u0110ilda (Rigoleto, G. Verdi)\" width=\"760\" height=\"428\" src=\"https:\/\/www.youtube.com\/embed\/W_vgco76Zo4?feature=oembed\" frameborder=\"0\" allow=\"accelerometer; autoplay; clipboard-write; encrypted-media; gyroscope; picture-in-picture; web-share\" referrerpolicy=\"strict-origin-when-cross-origin\" allowfullscreen><\/iframe><\/p>\n<p><em>Marija Cviji\u0107 &#8211; \u0110ilda (Rigoleto, G. Verdi)<\/em><\/p>\n<p>&nbsp;<\/p>\n<hr \/>\n<h3 style=\"text-align: center;\">RECOMMENDATION<\/h3>\n<p>&nbsp;<\/p>\n<p>Dear Sir or Madam,<\/p>\n<p>This letter is a recommendation from our company for Mr. Branislav Cviji\u0107 and Mrs. Marija Cviji\u0107.<\/p>\n<p>I have been the direct manager of Marija and Branislav for several years.<\/p>\n<p>I find them to be consistently pleasant, smiling and dedicated to our guests.<\/p>\n<p>Marija and Branislav performed under the auspices of Quality Tours ApS, a Danish tour operator, on our ship M\/S \"Der Kleine Prinz\". Their position was: staff of the event - Concert Program of the Opera House. They showed a high level of professionalism.<\/p>\n<p>During this period, they became valuable members of our company's staff. We emphasize their willingness to work throughout the season, without holidays. We also want to highlight their high level of commitment to the company.<\/p>\n<p>For these reasons, we highly recommend Branislav and Maria to other companies. If you need additional information, please feel free to contact us.<\/p>\n<p style=\"text-align: center;\">Sincerely,<\/p>\n<p style=\"text-align: right;\">Branko Are\u017eina<br \/>\nOperations Manager<br \/>\nQuality Tours ApS<\/p>\n<p style=\"text-align: right;\">In Copenhagen, 18.8.2022.<\/p>\n<p>&nbsp;<\/p>\n<hr \/>\n<p>&nbsp;<\/p>\n<h3 style=\"text-align: center;\">CONTACT<\/h3>\n<p style=\"text-align: center;\">Branislav Cviji\u0107<br \/>\n+381 65 677 53 53<br \/>\ncvija1977@gmail.com<\/p>","protected":false},"excerpt":{"rendered":"<p>KONCERTI &nbsp; Po\u0161tovani, \u017delimo da Vam predstavimo na\u0161 rad u nadi da \u0107emo ostvariti uspe\u0161nu saradnju. Supruga i ja smo solisti Opere Srpskog narodnog pozori\u0161ta iz Novog Sada. Pored brojnih nastupa u mati\u010dnoj ku\u0107i i &hellip;<\/p>","protected":false},"author":1,"featured_media":0,"parent":0,"menu_order":0,"comment_status":"closed","ping_status":"closed","template":"","meta":{"footnotes":""},"class_list":["post-213","page","type-page","status-publish","hentry"],"_links":{"self":[{"href":"https:\/\/branislavcvijic.com\/en\/wp-json\/wp\/v2\/pages\/213","targetHints":{"allow":["GET"]}}],"collection":[{"href":"https:\/\/branislavcvijic.com\/en\/wp-json\/wp\/v2\/pages"}],"about":[{"href":"https:\/\/branislavcvijic.com\/en\/wp-json\/wp\/v2\/types\/page"}],"author":[{"embeddable":true,"href":"https:\/\/branislavcvijic.com\/en\/wp-json\/wp\/v2\/users\/1"}],"replies":[{"embeddable":true,"href":"https:\/\/branislavcvijic.com\/en\/wp-json\/wp\/v2\/comments?post=213"}],"version-history":[{"count":12,"href":"https:\/\/branislavcvijic.com\/en\/wp-json\/wp\/v2\/pages\/213\/revisions"}],"predecessor-version":[{"id":348,"href":"https:\/\/branislavcvijic.com\/en\/wp-json\/wp\/v2\/pages\/213\/revisions\/348"}],"wp:attachment":[{"href":"https:\/\/branislavcvijic.com\/en\/wp-json\/wp\/v2\/media?parent=213"}],"curies":[{"name":"wp","href":"https:\/\/api.w.org\/{rel}","templated":true}]}}