{"id":20,"date":"2021-06-18T17:52:30","date_gmt":"2021-06-18T15:52:30","guid":{"rendered":"http:\/\/branislavcvijic.com\/?page_id=20"},"modified":"2025-05-19T22:00:55","modified_gmt":"2025-05-19T20:00:55","slug":"udruzenje-umetnika-visoko-c","status":"publish","type":"page","link":"https:\/\/branislavcvijic.com\/en\/udruzenje-umetnika-visoko-c\/","title":{"rendered":"The Association of Artists \u201eVisoko C\u201c"},"content":{"rendered":"<p>The Association of Artists \u201cVisoko C\u201d was founded in 2015.<\/p>\n<p>The goals of the Association are:<\/p>\n<ul>\n<li>project work (operas, pieces with singing, operas for children, musicals)<\/li>\n<li>organizing concerts;<\/li>\n<li>educating citizens, especially children and youth, about the importance of art;<\/li>\n<li>organizing literary, artistic and other festivities accompanied by music;<\/li>\n<li>organizing classes in acting, singing, summer courses, camps, etc.<\/li>\n<\/ul>\n<p>The main goal of the association is to spread our and foreign music culture. Spreading a musical song is not an easy task. We try to guide and introduce the audience to something that they do not have the opportunity to hear and see often, through an educational and fun character.<\/p>\n<p>The Association of Artists \u201cVisoko C\u201d has more than 500 performances behind it. We performed opera for children throughout our country, as well as in the region (Bijeljina, Banja Luka). We participated in the international opera festivals \u201cOperaria\u201d in Novi Sad and \u201cKotorArt\u201d in Kotor in 2019. <a href=\"https:\/\/www.kotorart.me\/cg\/novosti\/kada-dijete-procjeni\" target=\"_blank\" rel=\"noopener\">\u201eKotorArt\u201c<\/a> in Kotor, 2019<\/p>\n<figure id=\"attachment_21\" aria-describedby=\"caption-attachment-21\" style=\"width: 1200px\" class=\"wp-caption alignnone\"><img loading=\"lazy\" decoding=\"async\" class=\"wp-image-21 size-full\" src=\"https:\/\/branislavcvijic.com\/wp-content\/uploads\/2021\/06\/Zajedno.jpg\" alt=\"\u010carobna frula\" width=\"1200\" height=\"628\" srcset=\"https:\/\/branislavcvijic.com\/wp-content\/uploads\/2021\/06\/Zajedno.jpg 1200w, https:\/\/branislavcvijic.com\/wp-content\/uploads\/2021\/06\/Zajedno-300x157.jpg 300w, https:\/\/branislavcvijic.com\/wp-content\/uploads\/2021\/06\/Zajedno-1024x536.jpg 1024w, https:\/\/branislavcvijic.com\/wp-content\/uploads\/2021\/06\/Zajedno-768x402.jpg 768w, https:\/\/branislavcvijic.com\/wp-content\/uploads\/2021\/06\/Zajedno-359x188.jpg 359w\" sizes=\"auto, (max-width: 1200px) 100vw, 1200px\" \/><figcaption id=\"caption-attachment-21\" class=\"wp-caption-text\">\"Magic Flute\"<\/figcaption><\/figure>\n<p>In 2018, the association received significant support from the Novi Sad 2021 Foundation during the realization of two operas for children: <a href=\"http:\/\/branislavcvijic.com\/en\/bas-celik\/\" rel=\"noopener\">\"Ba\u0161 \u010celik\"<\/a> i <a href=\"http:\/\/branislavcvijic.com\/en\/carobna-frula\/\">\"Magic Flute\"<\/a>. In 2017, the City Administration for Culture of the City of Novi Sad co-financed the opera for children \u201cCinderella\u201d, and in 2019 two operas for children: \u201cPuss in Boots\u201d and \u201cThe Goat\u2019s Ears of the Emperor Trojan\u201d. <a href=\"http:\/\/branislavcvijic.com\/en\/pepeljuga\/\">\"Cinderella\"<\/a>, and in 2019 two operas for children: <a href=\"http:\/\/branislavcvijic.com\/en\/macak-u-cizmama\/\">\"Puss In Boots<\/a>\" and <a href=\"http:\/\/branislavcvijic.com\/en\/u-cara-trojana-kozije-usi\/\">\u201cThe Goat\u2019s Ears of the Emperor Trojan\u201d<\/a>.<\/p>\n<p>Since 2016, thanks to the selfless support of the Cultural Center of Novi Sad and the Foundation \u201cNovi Sad 2021\u201d, we perform at the Cultural Station \u201cE\u0111\u0161eg\u201d, where we regularly perform our plays. We have also achieved excellent cooperation with the \u201cVuk Karadzic\u201d theater in Belgrade, where we have been performing with great pleasure since 2016. Since 2023 we regularly perform our plays at Madlenianum, Belgrade.<\/p>\n<figure id=\"attachment_11\" aria-describedby=\"caption-attachment-11\" style=\"width: 1920px\" class=\"wp-caption alignnone\"><img loading=\"lazy\" decoding=\"async\" class=\"wp-image-11 size-full\" src=\"https:\/\/branislavcvijic.com\/wp-content\/uploads\/2021\/06\/EM__5136.jpg\" alt=\"\" width=\"1920\" height=\"1005\" srcset=\"https:\/\/branislavcvijic.com\/wp-content\/uploads\/2021\/06\/EM__5136.jpg 1920w, https:\/\/branislavcvijic.com\/wp-content\/uploads\/2021\/06\/EM__5136-300x157.jpg 300w, https:\/\/branislavcvijic.com\/wp-content\/uploads\/2021\/06\/EM__5136-1024x536.jpg 1024w, https:\/\/branislavcvijic.com\/wp-content\/uploads\/2021\/06\/EM__5136-768x402.jpg 768w, https:\/\/branislavcvijic.com\/wp-content\/uploads\/2021\/06\/EM__5136-1536x804.jpg 1536w, https:\/\/branislavcvijic.com\/wp-content\/uploads\/2021\/06\/EM__5136-359x188.jpg 359w\" sizes=\"auto, (max-width: 1920px) 100vw, 1920px\" \/><figcaption id=\"caption-attachment-11\" class=\"wp-caption-text\">\u201eThe Goat\u2019s Ears of the Emperor Trojan\u201c<\/figcaption><\/figure>\n<p>After the break due to the epidemic of the COVID-19 virus, we continued our work \u2013 this time creating original works by Marija and Branislav Cviji\u0107, which very quickly found their way into the repertoire of the Association of Artists \u201cHigh C\u201d. The operas in question are <a href=\"https:\/\/branislavcvijic.com\/en\/cvrcak-i-mrav\/\">The Cricket And The Ant<\/a>, <a href=\"https:\/\/branislavcvijic.com\/en\/cardak-ni-na-nebu-ni-na-zemlji\/\">Castle In the Air<\/a>, Easter Story and <a href=\"https:\/\/branislavcvijic.com\/en\/ivica-i-marica\/\">Hansel And Gretel<\/a>These plays have already been performed with great success. It is important to mention that since 2020 we have been regular guests at the \u201c\u010cukarica\u201d Cultural Center, with whom we have achieved great cooperation. In addition to performing in Belgrade, we continued our entertaining and educational work on the stages of Obrenovac, Zrenjanin, Subotica, In\u0111ija, Ruma and many others.<\/p>\n<figure id=\"attachment_189\" aria-describedby=\"caption-attachment-189\" style=\"width: 2560px\" class=\"wp-caption alignnone\"><a href=\"https:\/\/branislavcvijic.com\/wp-content\/uploads\/2022\/03\/P1001780.jpg\" data-lbwps-width=\"4429\" data-lbwps-height=\"2953\" data-lbwps-srcsmall=\"https:\/\/branislavcvijic.com\/wp-content\/uploads\/2022\/03\/P1001780.jpg\"><img loading=\"lazy\" decoding=\"async\" class=\"wp-image-189 size-full\" src=\"https:\/\/branislavcvijic.com\/wp-content\/uploads\/2022\/03\/P1001780-scaled.jpg\" alt=\"\" width=\"2560\" height=\"1707\" srcset=\"https:\/\/branislavcvijic.com\/wp-content\/uploads\/2022\/03\/P1001780-scaled.jpg 2560w, https:\/\/branislavcvijic.com\/wp-content\/uploads\/2022\/03\/P1001780-300x200.jpg 300w, https:\/\/branislavcvijic.com\/wp-content\/uploads\/2022\/03\/P1001780-1024x683.jpg 1024w, https:\/\/branislavcvijic.com\/wp-content\/uploads\/2022\/03\/P1001780-768x512.jpg 768w, https:\/\/branislavcvijic.com\/wp-content\/uploads\/2022\/03\/P1001780-1536x1024.jpg 1536w, https:\/\/branislavcvijic.com\/wp-content\/uploads\/2022\/03\/P1001780-2048x1365.jpg 2048w, https:\/\/branislavcvijic.com\/wp-content\/uploads\/2022\/03\/P1001780-359x239.jpg 359w\" sizes=\"auto, (max-width: 2560px) 100vw, 2560px\" \/><\/a><figcaption id=\"caption-attachment-189\" class=\"wp-caption-text\">\"Castle In the Air\"<\/figcaption><\/figure>\n<p>In 2021, we started a music-stage school that received about twenty members \u2013 children whom we very carefully introduce to the world of Opera, giving them and passing on our experiences regarding acting, singing, stage movement and everything that makes a stage artist. We achieved great success because in the past two years, children have participated with us in the plays: Cinderella, <a href=\"https:\/\/branislavcvijic.com\/en\/snezana\/\">Snowhite<\/a>, <a href=\"https:\/\/branislavcvijic.com\/en\/macak-u-cizmama\/\">Puss in Boots<\/a>. This year, the students of our music and stage school independently performed the children\u2019s opera Bees In Trouble, otherwise an adapted version of the opera <a href=\"https:\/\/branislavcvijic.com\/en\/pcelica-dana\/\">Dana, the Bee<\/a>. New performances and projects of the association are also planned, of which we would single out the performance at the summer festival \"<a href=\"https:\/\/www.kotorart.me\/cg\">Kotorart<\/a>\" (Kotor) and \"<a href=\"http:\/\/www.wildbeautyart.me\/\">Wild Beauty<\/a>\" (\u017dabljak) \u2013 and we are looking forward to it and the new season, in which new projects such as: The Three Little Pigs and The Tortoise and the Hare should be born, shows that should make the youngest happy.<\/p>\n<p>Performing operas for children is a necessity in raising children. Building musical taste in the youngest is very important and defines later affinities towards music. The possibility of children\u2019s participation in children\u2019s operas contributes to the development of creativity and strengthening of personality. Children\u2019s operas should be part of the permanent repertoire of every theater.<\/p>\n<p>The arrival of children in the theater and the upgrade of turning, watching and participating in plays into a \u201cneed\u201d is something we should all strive for because we will direct them towards true values, towards preserving the culture, which is the backbone of any organized society.<\/p>\n<figure id=\"attachment_328\" aria-describedby=\"caption-attachment-328\" style=\"width: 2560px\" class=\"wp-caption alignnone\"><a href=\"https:\/\/branislavcvijic.com\/wp-content\/uploads\/2025\/01\/Visoko-C-Pepeljuga-2024-11-24-39.jpg\" data-lbwps-width=\"3840\" data-lbwps-height=\"2160\" data-lbwps-srcsmall=\"https:\/\/branislavcvijic.com\/wp-content\/uploads\/2025\/01\/Visoko-C-Pepeljuga-2024-11-24-39.jpg\"><img loading=\"lazy\" decoding=\"async\" class=\"wp-image-328 size-full\" src=\"https:\/\/branislavcvijic.com\/wp-content\/uploads\/2025\/01\/Visoko-C-Pepeljuga-2024-11-24-39-scaled.jpg\" alt=\"\" width=\"2560\" height=\"1440\" srcset=\"https:\/\/branislavcvijic.com\/wp-content\/uploads\/2025\/01\/Visoko-C-Pepeljuga-2024-11-24-39-scaled.jpg 2560w, https:\/\/branislavcvijic.com\/wp-content\/uploads\/2025\/01\/Visoko-C-Pepeljuga-2024-11-24-39-300x169.jpg 300w, https:\/\/branislavcvijic.com\/wp-content\/uploads\/2025\/01\/Visoko-C-Pepeljuga-2024-11-24-39-1024x576.jpg 1024w, https:\/\/branislavcvijic.com\/wp-content\/uploads\/2025\/01\/Visoko-C-Pepeljuga-2024-11-24-39-768x432.jpg 768w, https:\/\/branislavcvijic.com\/wp-content\/uploads\/2025\/01\/Visoko-C-Pepeljuga-2024-11-24-39-1536x864.jpg 1536w, https:\/\/branislavcvijic.com\/wp-content\/uploads\/2025\/01\/Visoko-C-Pepeljuga-2024-11-24-39-2048x1152.jpg 2048w, https:\/\/branislavcvijic.com\/wp-content\/uploads\/2025\/01\/Visoko-C-Pepeljuga-2024-11-24-39-359x202.jpg 359w\" sizes=\"auto, (max-width: 2560px) 100vw, 2560px\" \/><\/a><figcaption id=\"caption-attachment-328\" class=\"wp-caption-text\">\"Cinderella\"<\/figcaption><\/figure>","protected":false},"excerpt":{"rendered":"<p>Udru\u017eenje umetnika \u201eVisoko C\u201c osnovano je 2015. godine. Ciljevi ovog udru\u017eenja su: rad na projektima (opere, komadi sa pevanjem, opere za decu, mjuzikli) organizovanje koncerata; edukacija gra\u0111ana, a posebno dece i mladih, o zna\u010daju umetnosti; &hellip;<\/p>","protected":false},"author":1,"featured_media":0,"parent":0,"menu_order":0,"comment_status":"closed","ping_status":"closed","template":"","meta":{"footnotes":""},"class_list":["post-20","page","type-page","status-publish","hentry"],"_links":{"self":[{"href":"https:\/\/branislavcvijic.com\/en\/wp-json\/wp\/v2\/pages\/20","targetHints":{"allow":["GET"]}}],"collection":[{"href":"https:\/\/branislavcvijic.com\/en\/wp-json\/wp\/v2\/pages"}],"about":[{"href":"https:\/\/branislavcvijic.com\/en\/wp-json\/wp\/v2\/types\/page"}],"author":[{"embeddable":true,"href":"https:\/\/branislavcvijic.com\/en\/wp-json\/wp\/v2\/users\/1"}],"replies":[{"embeddable":true,"href":"https:\/\/branislavcvijic.com\/en\/wp-json\/wp\/v2\/comments?post=20"}],"version-history":[{"count":20,"href":"https:\/\/branislavcvijic.com\/en\/wp-json\/wp\/v2\/pages\/20\/revisions"}],"predecessor-version":[{"id":445,"href":"https:\/\/branislavcvijic.com\/en\/wp-json\/wp\/v2\/pages\/20\/revisions\/445"}],"wp:attachment":[{"href":"https:\/\/branislavcvijic.com\/en\/wp-json\/wp\/v2\/media?parent=20"}],"curies":[{"name":"wp","href":"https:\/\/api.w.org\/{rel}","templated":true}]}}